{"id":4784,"date":"2018-08-15T10:59:01","date_gmt":"2018-08-15T10:59:01","guid":{"rendered":"https:\/\/frpservices.com\/get-quote\/"},"modified":"2020-05-06T06:02:38","modified_gmt":"2020-05-06T06:02:38","slug":"get-quote","status":"publish","type":"page","link":"https:\/\/frpservices.com\/pt-br\/get-quote\/","title":{"rendered":"Get Quote"},"content":{"rendered":"<div class=\"wpb-content-wrapper\"><p>[vc_row el_class=&#8221;colors-e&#8221; css=&#8221;.vc_custom_1532415428986{padding-top: 75px !important;padding-bottom: 75px !important;}&#8221;][vc_column][vc_custom_heading text=&#8221;OBTENHA UM OR\u00c7AMENTO&#8221; font_container=&#8221;tag:h1|text_align:center&#8221; use_theme_fonts=&#8221;yes&#8221;][vc_raw_html]JTNDcCUyMGNsYXNzJTNEJTIyaGVhZGVyLWRldGFpbHMlMjIlM0UlM0NzcGFuJTIwY2xhc3MlM0QlMjJoaWdobGlnaHQlMjIlM0VHT1NUQVJJQSUyMERFJTIwQ09OSEVDRVIlMjBTRVUlMjBORUNFU1MlQzMlODFSSU8lMjBNRUxIT1IlMjElM0MlMkZzcGFuJTNFJTNDJTJGcCUzRQ==[\/vc_raw_html][vc_column_text]<\/p>\n<p style=\"text-align: justify;\">Garanta que seus requisitos sejam detalhados quanto poss\u00edvel. O que nos permite fornecer informa\u00e7\u00f5es precisas. dentro de 48 horas ou mais cedo.<\/p>\n<p>[\/vc_column_text]\n<div class=\"wpcf7 no-js\" id=\"wpcf7-f5085-o1\" lang=\"jp-EN\" dir=\"ltr\" data-wpcf7-id=\"5085\">\n<div class=\"screen-reader-response\"><p role=\"status\" aria-live=\"polite\" aria-atomic=\"true\"><\/p> <ul><\/ul><\/div>\n<form action=\"\/pt-br\/wp-json\/wp\/v2\/pages\/4784#wpcf7-f5085-o1\" method=\"post\" class=\"wpcf7-form init\" aria-label=\"Formul\u00e1rios de contato\" novalidate=\"novalidate\" data-status=\"init\">\n<fieldset class=\"hidden-fields-container\"><input type=\"hidden\" name=\"_wpcf7\" value=\"5085\" \/><input type=\"hidden\" name=\"_wpcf7_version\" value=\"6.1.4\" \/><input type=\"hidden\" name=\"_wpcf7_locale\" value=\"jp_EN\" \/><input type=\"hidden\" name=\"_wpcf7_unit_tag\" value=\"wpcf7-f5085-o1\" \/><input type=\"hidden\" name=\"_wpcf7_container_post\" value=\"0\" \/><input type=\"hidden\" name=\"_wpcf7_posted_data_hash\" value=\"\" \/><input type=\"hidden\" name=\"_wpcf7dtx_version\" value=\"5.0.3\" \/><input type=\"hidden\" name=\"_wpcf7_recaptcha_response\" value=\"\" \/>\n<\/fieldset>\n<span class=\"wpcf7-form-control-wrap dynamichidden-620\" data-name=\"dynamichidden-620\"><input type=\"hidden\" name=\"dynamichidden-620\" class=\"wpcf7-form-control wpcf7-hidden wpcf7dtx wpcf7dtx-hidden\" aria-invalid=\"false\" value=\"https:\/\/frpservices.com\/pt-br\/wp-json\/wp\/v2\/pages\/4784\"><\/span>\n<div class=\"row form-row\">\n\t<div class=\"form-group col-sm-6\">\n\t\t<p><span class=\"wpcf7-form-control-wrap\" data-name=\"your-name\"><input size=\"40\" maxlength=\"400\" class=\"wpcf7-form-control wpcf7-text wpcf7-validates-as-required\" aria-required=\"true\" aria-invalid=\"false\" placeholder=\"NAME (Required)\" value=\"\" type=\"text\" name=\"your-name\" \/><\/span>\n\t\t<\/p>\n\t<\/div>\n\t<div class=\"form-group col-sm-6\">\n\t\t<p><span class=\"wpcf7-form-control-wrap\" data-name=\"your-email\"><input size=\"40\" maxlength=\"400\" class=\"wpcf7-form-control wpcf7-email wpcf7-validates-as-required wpcf7-text wpcf7-validates-as-email\" aria-required=\"true\" aria-invalid=\"false\" placeholder=\"EMAIL (Required)\" value=\"\" type=\"email\" name=\"your-email\" \/><\/span>\n\t\t<\/p>\n\t<\/div>\n<\/div>\n<div class=\"row form-row\">\n\t<div class=\"form-group col-sm-6\">\n\t\t<p><span class=\"wpcf7-form-control-wrap\" data-name=\"your-phone\"><input size=\"40\" maxlength=\"400\" class=\"wpcf7-form-control wpcf7-text wpcf7-validates-as-required\" aria-required=\"true\" aria-invalid=\"false\" placeholder=\"PHONE (Required)\" value=\"\" type=\"text\" name=\"your-phone\" \/><\/span>\n\t\t<\/p>\n\t<\/div>\n\t<div class=\"form-group col-sm-6\">\n\t\t<p><span class=\"wpcf7-form-control-wrap\" data-name=\"product-name\"><input size=\"40\" maxlength=\"400\" class=\"wpcf7-form-control wpcf7-text wpcf7-validates-as-required\" aria-required=\"true\" aria-invalid=\"false\" placeholder=\"PRODUCT NAME (Required)\" value=\"\" type=\"text\" name=\"product-name\" \/><\/span>\n\t\t<\/p>\n\t<\/div>\n<\/div>\n<div class=\"row form-row\">\n\t<div class=\"form-group col-sm-12\">\n\t\t<p><span class=\"wpcf7-form-control-wrap\" data-name=\"COMPANY\"><input size=\"40\" maxlength=\"400\" class=\"wpcf7-form-control wpcf7-text\" aria-invalid=\"false\" placeholder=\"COMPANY (Required)\" value=\"\" type=\"text\" name=\"COMPANY\" \/><\/span>\n\t\t<\/p>\n\t<\/div>\n\t<div class=\"form-group col-sm-12\">\n\t\t<p><span class=\"wpcf7-form-control-wrap\" data-name=\"additional-info\"><textarea cols=\"40\" rows=\"10\" maxlength=\"2000\" class=\"wpcf7-form-control wpcf7-textarea\" aria-invalid=\"false\" placeholder=\"ADDITIONAL INFO\" name=\"additional-info\"><\/textarea><\/span>\n\t\t<\/p>\n\t<\/div>\n<\/div>\n<div class=\"clearfix\">\n\t<p><input class=\"wpcf7-form-control wpcf7-submit has-spinner button button-block background-100-d text-d\" type=\"submit\" value=\"Request Quote\" \/>\n\t<\/p>\n<\/div><div class=\"wpcf7-response-output\" aria-hidden=\"true\"><\/div>\n<\/form>\n<\/div>\n[\/vc_column][\/vc_row]<\/p>\n<\/div>","protected":false},"excerpt":{"rendered":"<p>[vc_row el_class=&#8221;colors-e&#8221; css=&#8221;.vc_custom_1532415428986{padding-top: 75px !important;padding-bottom: 75px !important;}&#8221;][vc_column][vc_custom_heading text=&#8221;OBTENHA UM OR\u00c7AMENTO&#8221; font_container=&#8221;tag:h1|text_align:center&#8221; use_theme_fonts=&#8221;yes&#8221;][vc_raw_html]JTNDcCUyMGNsYXNzJTNEJTIyaGVhZGVyLWRldGFpbHMlMjIlM0UlM0NzcGFuJTIwY2xhc3MlM0QlMjJoaWdobGlnaHQlMjIlM0VHT1NUQVJJQSUyMERFJTIwQ09OSEVDRVIlMjBTRVUlMjBORUNFU1MlQzMlODFSSU8lMjBNRUxIT1IlMjElM0MlMkZzcGFuJTNFJTNDJTJGcCUzRQ==[\/vc_raw_html][vc_column_text] Garanta que seus requisitos sejam detalhados quanto poss\u00edvel. O que nos permite fornecer informa\u00e7\u00f5es precisas. dentro de 48 horas ou mais cedo. [\/vc_column_text][\/vc_column][\/vc_row] [&#8230;]<\/p>\n<p><a class=\"btn btn-default understrap-read-more-link\" href=\"https:\/\/frpservices.com\/pt-br\/get-quote\/\">Read More&#8230;<\/a><\/p>\n","protected":false},"author":1,"featured_media":0,"parent":0,"menu_order":0,"comment_status":"closed","ping_status":"closed","template":"page-templates\/visualcomposerpage.php","meta":{"_acf_changed":false,"footnotes":""},"class_list":["post-4784","page","type-page","status-publish","hentry"],"acf":[],"yoast_head":"<!-- This site is optimized with the Yoast SEO plugin v26.5 - https:\/\/yoast.com\/wordpress\/plugins\/seo\/ -->\n<title>Get Quote - FRP Services &amp; Company<\/title>\n<meta name=\"robots\" content=\"noindex, follow, max-snippet:-1, max-image-preview:large, max-video-preview:-1\" \/>\n<meta property=\"og:locale\" content=\"pt_BR\" \/>\n<meta property=\"og:type\" content=\"article\" \/>\n<meta property=\"og:title\" content=\"Get Quote - FRP Services &amp; Company\" \/>\n<meta property=\"og:description\" content=\"[vc_row el_class=&#8221;colors-e&#8221; css=&#8221;.vc_custom_1532415428986{padding-top: 75px !important;padding-bottom: 75px !important;}&#8221;][vc_column][vc_custom_heading text=&#8221;OBTENHA UM OR\u00c7AMENTO&#8221; font_container=&#8221;tag:h1|text_align:center&#8221; use_theme_fonts=&#8221;yes&#8221;][vc_raw_html]JTNDcCUyMGNsYXNzJTNEJTIyaGVhZGVyLWRldGFpbHMlMjIlM0UlM0NzcGFuJTIwY2xhc3MlM0QlMjJoaWdobGlnaHQlMjIlM0VHT1NUQVJJQSUyMERFJTIwQ09OSEVDRVIlMjBTRVUlMjBORUNFU1MlQzMlODFSSU8lMjBNRUxIT1IlMjElM0MlMkZzcGFuJTNFJTNDJTJGcCUzRQ==[\/vc_raw_html][vc_column_text] Garanta que seus requisitos sejam detalhados quanto poss\u00edvel. O que nos permite fornecer informa\u00e7\u00f5es precisas. dentro de 48 horas ou mais cedo. [\/vc_column_text][\/vc_column][\/vc_row] [...]Read More...\" \/>\n<meta property=\"og:url\" content=\"https:\/\/frpservices.com\/pt-br\/get-quote\/\" \/>\n<meta property=\"og:site_name\" content=\"FRP Services &amp; Company\" \/>\n<meta property=\"article:modified_time\" content=\"2020-05-06T06:02:38+00:00\" \/>\n<meta name=\"twitter:card\" content=\"summary_large_image\" \/>\n<script type=\"application\/ld+json\" class=\"yoast-schema-graph\">{\"@context\":\"https:\/\/schema.org\",\"@graph\":[{\"@type\":\"WebPage\",\"@id\":\"https:\/\/frpservices.com\/pt-br\/get-quote\/\",\"url\":\"https:\/\/frpservices.com\/pt-br\/get-quote\/\",\"name\":\"Get Quote - FRP Services &amp; Company\",\"isPartOf\":{\"@id\":\"https:\/\/frpservices.com\/#website\"},\"datePublished\":\"2018-08-15T10:59:01+00:00\",\"dateModified\":\"2020-05-06T06:02:38+00:00\",\"breadcrumb\":{\"@id\":\"https:\/\/frpservices.com\/pt-br\/get-quote\/#breadcrumb\"},\"inLanguage\":\"pt-BR\",\"potentialAction\":[{\"@type\":\"ReadAction\",\"target\":[\"https:\/\/frpservices.com\/pt-br\/get-quote\/\"]}]},{\"@type\":\"BreadcrumbList\",\"@id\":\"https:\/\/frpservices.com\/pt-br\/get-quote\/#breadcrumb\",\"itemListElement\":[{\"@type\":\"ListItem\",\"position\":1,\"name\":\"Home\",\"item\":\"https:\/\/frpservices.com\/pt-br\/\"},{\"@type\":\"ListItem\",\"position\":2,\"name\":\"Get Quote\"}]},{\"@type\":\"WebSite\",\"@id\":\"https:\/\/frpservices.com\/#website\",\"url\":\"https:\/\/frpservices.com\/\",\"name\":\"FRP Services &amp; Company\",\"description\":\"Frp Services &amp; Co PTE LTD\",\"potentialAction\":[{\"@type\":\"SearchAction\",\"target\":{\"@type\":\"EntryPoint\",\"urlTemplate\":\"https:\/\/frpservices.com\/?s={search_term_string}\"},\"query-input\":{\"@type\":\"PropertyValueSpecification\",\"valueRequired\":true,\"valueName\":\"search_term_string\"}}],\"inLanguage\":\"pt-BR\"}]}<\/script>\n<!-- \/ Yoast SEO plugin. -->","yoast_head_json":{"title":"Get Quote - FRP Services &amp; Company","robots":{"index":"noindex","follow":"follow","max-snippet":"max-snippet:-1","max-image-preview":"max-image-preview:large","max-video-preview":"max-video-preview:-1"},"og_locale":"pt_BR","og_type":"article","og_title":"Get Quote - FRP Services &amp; Company","og_description":"[vc_row el_class=&#8221;colors-e&#8221; css=&#8221;.vc_custom_1532415428986{padding-top: 75px !important;padding-bottom: 75px !important;}&#8221;][vc_column][vc_custom_heading text=&#8221;OBTENHA UM OR\u00c7AMENTO&#8221; font_container=&#8221;tag:h1|text_align:center&#8221; use_theme_fonts=&#8221;yes&#8221;][vc_raw_html]JTNDcCUyMGNsYXNzJTNEJTIyaGVhZGVyLWRldGFpbHMlMjIlM0UlM0NzcGFuJTIwY2xhc3MlM0QlMjJoaWdobGlnaHQlMjIlM0VHT1NUQVJJQSUyMERFJTIwQ09OSEVDRVIlMjBTRVUlMjBORUNFU1MlQzMlODFSSU8lMjBNRUxIT1IlMjElM0MlMkZzcGFuJTNFJTNDJTJGcCUzRQ==[\/vc_raw_html][vc_column_text] Garanta que seus requisitos sejam detalhados quanto poss\u00edvel. O que nos permite fornecer informa\u00e7\u00f5es precisas. dentro de 48 horas ou mais cedo. [\/vc_column_text][\/vc_column][\/vc_row] [...]Read More...","og_url":"https:\/\/frpservices.com\/pt-br\/get-quote\/","og_site_name":"FRP Services &amp; Company","article_modified_time":"2020-05-06T06:02:38+00:00","twitter_card":"summary_large_image","schema":{"@context":"https:\/\/schema.org","@graph":[{"@type":"WebPage","@id":"https:\/\/frpservices.com\/pt-br\/get-quote\/","url":"https:\/\/frpservices.com\/pt-br\/get-quote\/","name":"Get Quote - FRP Services &amp; Company","isPartOf":{"@id":"https:\/\/frpservices.com\/#website"},"datePublished":"2018-08-15T10:59:01+00:00","dateModified":"2020-05-06T06:02:38+00:00","breadcrumb":{"@id":"https:\/\/frpservices.com\/pt-br\/get-quote\/#breadcrumb"},"inLanguage":"pt-BR","potentialAction":[{"@type":"ReadAction","target":["https:\/\/frpservices.com\/pt-br\/get-quote\/"]}]},{"@type":"BreadcrumbList","@id":"https:\/\/frpservices.com\/pt-br\/get-quote\/#breadcrumb","itemListElement":[{"@type":"ListItem","position":1,"name":"Home","item":"https:\/\/frpservices.com\/pt-br\/"},{"@type":"ListItem","position":2,"name":"Get Quote"}]},{"@type":"WebSite","@id":"https:\/\/frpservices.com\/#website","url":"https:\/\/frpservices.com\/","name":"FRP Services &amp; Company","description":"Frp Services &amp; Co PTE LTD","potentialAction":[{"@type":"SearchAction","target":{"@type":"EntryPoint","urlTemplate":"https:\/\/frpservices.com\/?s={search_term_string}"},"query-input":{"@type":"PropertyValueSpecification","valueRequired":true,"valueName":"search_term_string"}}],"inLanguage":"pt-BR"}]}},"_links":{"self":[{"href":"https:\/\/frpservices.com\/pt-br\/wp-json\/wp\/v2\/pages\/4784","targetHints":{"allow":["GET"]}}],"collection":[{"href":"https:\/\/frpservices.com\/pt-br\/wp-json\/wp\/v2\/pages"}],"about":[{"href":"https:\/\/frpservices.com\/pt-br\/wp-json\/wp\/v2\/types\/page"}],"author":[{"embeddable":true,"href":"https:\/\/frpservices.com\/pt-br\/wp-json\/wp\/v2\/users\/1"}],"replies":[{"embeddable":true,"href":"https:\/\/frpservices.com\/pt-br\/wp-json\/wp\/v2\/comments?post=4784"}],"version-history":[{"count":0,"href":"https:\/\/frpservices.com\/pt-br\/wp-json\/wp\/v2\/pages\/4784\/revisions"}],"wp:attachment":[{"href":"https:\/\/frpservices.com\/pt-br\/wp-json\/wp\/v2\/media?parent=4784"}],"curies":[{"name":"wp","href":"https:\/\/api.w.org\/{rel}","templated":true}]}}